{"id":780,"date":"2021-12-08T12:45:36","date_gmt":"2021-12-08T12:45:36","guid":{"rendered":"https:\/\/panoramacapitalapartamenty.pl\/?page_id=780"},"modified":"2024-12-18T16:19:44","modified_gmt":"2024-12-18T15:19:44","slug":"kontakt","status":"publish","type":"page","link":"https:\/\/panoramacapitalapartamenty.pl\/en\/kontakt\/","title":{"rendered":"Contact"},"content":{"rendered":"<div class=\"ghostkit-google-maps ghostkit-custom-ZBWNRh\" style=\"min-height:450px\" data-lat=\"50.030333\" data-lng=\"22.00734139999999\" data-zoom=\"16\" data-show-zoom-buttons=\"true\" data-show-map-type-buttons=\"true\" data-show-street-view-button=\"true\" data-show-fullscreen-button=\"true\" data-option-scroll-wheel=\"false\" data-option-draggable=\"true\" data-styles=\"\"><div class=\"ghostkit-google-maps-marker\" data-title=\"Panorama Capital\" data-lat=\"50.0303328\" data-lng=\"22.0074878\" data-address=\"Podwis\u0142ocze 27\/9, 35-309 Rzesz\u00f3w, Polska\"><\/div><div class=\"ghostkit-google-maps-marker\" data-title=\"Panorama Zamkowe\" data-lat=\"50.0291496\" data-lng=\"22.0075049\" data-address=\"Aleja Majora Wac\u0142awa Kopisto 11, 35-315 Rzesz\u00f3w, Polska\"><\/div><\/div>\n\n\n\n<div class=\"wp-block-getwid-section alignfull alignfull\"><div class=\"wp-block-getwid-section__wrapper getwid-padding-top-large getwid-padding-bottom-large getwid-padding-left-medium getwid-padding-right-medium\"><div class=\"wp-block-getwid-section__inner-wrapper\"><div class=\"wp-block-getwid-section__background-holder\"><div class=\"wp-block-getwid-section__background\"><\/div><div class=\"wp-block-getwid-section__foreground\"><\/div><\/div><div class=\"wp-block-getwid-section__content\"><div class=\"wp-block-getwid-section__inner-content\">\n<div class=\"wp-block-getwid-advanced-heading\" style=\"margin-bottom:30px;margin-top:10px\"><h2 class=\"wp-block-getwid-advanced-heading__content\" style=\"text-align:center\">Contact us<\/h2><\/div>\n\n\n\n<p class=\"has-text-align-center\">We are at your service<\/p>\n\n\n\n<div class=\"wp-block-getwid-advanced-spacer\" style=\"height:40px\" aria-hidden=\"true\"><\/div>\n\n\n\n<div class=\"wp-block-columns has-2-columns is-layout-flex wp-container-core-columns-is-layout-9d6595d7 wp-block-columns-is-layout-flex\">\n<div class=\"wp-block-column is-layout-flow wp-block-column-is-layout-flow\">\n<div class=\"wp-block-getwid-advanced-heading\" style=\"margin-bottom:20px\"><h3 class=\"wp-block-getwid-advanced-heading__content\">Contact details<\/h3><\/div>\n\n\n\n<p>Panorama Capital<br>27\/9 Podwislocze St.<br>35-309 Rzeszow<\/p>\n\n\n\n<p>Panorama Zamkowe<br>Aleja Majora Wac\u0142awa Kopisto 11<br>35-001 Rzesz\u00f3w<\/p>\n\n\n\n<p><strong>tel. +48<\/strong> <strong>514 659 196<\/strong><br><strong>tel. +48<\/strong> <strong>780&nbsp;547&nbsp;105<\/strong><br><br><a href=\"mailto:kontakt@lubnieruchomosci.pl\">kontakt@lubnieruchomosci.pl<\/a><\/p>\n\n\n\n<figure class=\"wp-block-image size-full\"><img loading=\"lazy\" decoding=\"async\" width=\"300\" height=\"94\" src=\"https:\/\/panoramacapitalapartamenty.pl\/wp-content\/uploads\/2021\/12\/lub-300x94.png.webp\" alt=\"\" class=\"wp-image-794\"\/><\/figure>\n<\/div>\n\n\n\n<div class=\"wp-block-column ghostkit-custom-Z18iOcl is-layout-flow wp-block-column-is-layout-flow\"><style>.kadence-form-780_22c3a5-3e .kb-form .kadence-blocks-form-field .kb-text-style-field, .kadence-form-780_22c3a5-3e .kb-form .kadence-blocks-form-field .kb-select-style-field{border-radius:0px;}.kadence-form-780_22c3a5-3e .kb-form .kadence-blocks-form-field .kb-forms-submit{border-radius:0px;}.kadence-form-780_22c3a5-3e .kadence-blocks-form-message, .kadence-form-780_22c3a5-3e .kb-form-error-msg{border-width:0px 0px 0px 0px;font-size:var(--global-kb-font-size-sm, 0.9rem);font-weight:400;}.kb-form input.kadence-blocks-field.verify{opacity:0.0;position:absolute;top:0.0;left:0.0;width:0.0;height:0.0;z-index:-1;}<\/style>\n<div class=\"wp-block-kadence-form kadence-form-780_22c3a5-3e kb-form-wrap\"><form class=\"kb-form\" action=\"\" method=\"post\" data-error-message=\"B\u0142\u0105d! Wype\u0142nij wszystkie wymagane pola\" data-trp-original-action=\"\"><div class=\"kadence-blocks-form-field kb-field-desk-width-100 kb-input-size-standard\"><label for=\"kb_field_780_22c3a5-3e_0\">Name<span class=\"required\">*<\/span><\/label><input name=\"kb_field_0\" id=\"kb_field_780_22c3a5-3e_0\" data-label=\"Imi\u0119\" type=\"text\" placeholder=\"\" value=\"\" data-type=\"text\" class=\"kb-field kb-text-style-field kb-text-field kb-field-0\" data-required=\"yes\" data-required-message=\"Imi\u0119 jest wymagane\"\/><\/div><div class=\"kadence-blocks-form-field kb-form-field-1 kb-field-desk-width-100 kb-input-size-standard\"><label for=\"kb_field_780_22c3a5-3e_1\">Email<span class=\"required\">*<\/span><\/label><input name=\"kb_field_1\" id=\"kb_field_780_22c3a5-3e_1\" data-label=\"Email\" type=\"email\" placeholder=\"\" value=\"\" data-type=\"email\" class=\"kb-field kb-text-style-field kb-email-field kb-field-1\" data-required=\"yes\" data-required-message=\"E-mail jest wymagany\" data-validation-message=\"Adres e-mail jest nieprawid\u0142owy\"\/><\/div><div class=\"kadence-blocks-form-field kb-form-field-2 kb-field-desk-width-100 kb-input-size-standard\"><label for=\"kb_field_780_22c3a5-3e_2\">Message<span class=\"required\">*<\/span><\/label><textarea name=\"kb_field_2\" id=\"kb_field_780_22c3a5-3e_2\" data-label=\"Wiadomo\u015b\u0107\" type=\"textarea\" placeholder=\"\" data-type=\"textarea\" class=\"kb-field kb-text-style-field kb-textarea-field kb-field-2\" rows=\"4\" data-required=\"yes\" data-required-message=\"Wiadomo\u015b\u0107 jest wymagana\"><\/textarea><\/div><input type=\"hidden\" name=\"_kb_form_id\" value=\"780_22c3a5-3e\"\/><input type=\"hidden\" name=\"_kb_form_post_id\" value=\"780\"\/><input type=\"hidden\" name=\"action\" value=\"kb_process_ajax_submit\"\/><input class=\"kadence-blocks-field verify\" type=\"text\" name=\"_kb_verify_email\" autocomplete=\"new-password\" aria-hidden=\"true\" placeholder=\"Email\" tabindex=\"-1\" data-1p-ignore=\"true\" data-lpignore=\"true\" \/><div class=\"kadence-blocks-form-field kb-submit-field kb-field-desk-width-100\"><button class=\"kb-forms-submit button kb-button-size-large kb-button-width-auto\">SEND MESSAGE<\/button><\/div><input type=\"hidden\" name=\"trp-form-language\" value=\"en\"\/><\/form><\/div>\n<noscript><div class=\"kadence-blocks-form-message kadence-blocks-form-warning\">Please enable JavaScript in your browser to submit the form<\/div><style>.kadence-form-780_22c3a5-3e .kadence-blocks-form-field.kb-submit-field { display: none; }<\/style><\/noscript><\/div>\n<\/div>\n<\/div><\/div><\/div><\/div><\/div>","protected":false},"excerpt":{"rendered":"","protected":false},"author":1,"featured_media":1262,"parent":0,"menu_order":0,"comment_status":"closed","ping_status":"closed","template":"","meta":{"_kad_blocks_custom_css":"","_kad_blocks_head_custom_js":"","_kad_blocks_body_custom_js":"","_kad_blocks_footer_custom_js":"","ghostkit_customizer_options":"","ghostkit_custom_css":"","ghostkit_custom_js_head":"","ghostkit_custom_js_foot":"","ghostkit_typography":"","_kad_post_transparent":"","_kad_post_title":"","_kad_post_layout":"","_kad_post_sidebar_id":"","_kad_post_content_style":"","_kad_post_vertical_padding":"default","_kad_post_feature":"","_kad_post_feature_position":"","_kad_post_header":false,"_kad_post_footer":false,"footnotes":""},"class_list":["post-780","page","type-page","status-publish","has-post-thumbnail","hentry"],"taxonomy_info":[],"featured_image_src_large":["https:\/\/panoramacapitalapartamenty.pl\/wp-content\/uploads\/2021\/12\/kontakt-2-1024x683.webp",1024,683,true],"author_info":{"display_name":"admin","author_link":"https:\/\/panoramacapitalapartamenty.pl\/en\/author\/admin\/"},"comment_info":0,"_links":{"self":[{"href":"https:\/\/panoramacapitalapartamenty.pl\/en\/wp-json\/wp\/v2\/pages\/780","targetHints":{"allow":["GET"]}}],"collection":[{"href":"https:\/\/panoramacapitalapartamenty.pl\/en\/wp-json\/wp\/v2\/pages"}],"about":[{"href":"https:\/\/panoramacapitalapartamenty.pl\/en\/wp-json\/wp\/v2\/types\/page"}],"author":[{"embeddable":true,"href":"https:\/\/panoramacapitalapartamenty.pl\/en\/wp-json\/wp\/v2\/users\/1"}],"replies":[{"embeddable":true,"href":"https:\/\/panoramacapitalapartamenty.pl\/en\/wp-json\/wp\/v2\/comments?post=780"}],"version-history":[{"count":12,"href":"https:\/\/panoramacapitalapartamenty.pl\/en\/wp-json\/wp\/v2\/pages\/780\/revisions"}],"predecessor-version":[{"id":6262,"href":"https:\/\/panoramacapitalapartamenty.pl\/en\/wp-json\/wp\/v2\/pages\/780\/revisions\/6262"}],"wp:featuredmedia":[{"embeddable":true,"href":"https:\/\/panoramacapitalapartamenty.pl\/en\/wp-json\/wp\/v2\/media\/1262"}],"wp:attachment":[{"href":"https:\/\/panoramacapitalapartamenty.pl\/en\/wp-json\/wp\/v2\/media?parent=780"}],"curies":[{"name":"wp","href":"https:\/\/api.w.org\/{rel}","templated":true}]}}